{"id":158,"date":"2017-05-25T20:25:05","date_gmt":"2017-05-25T17:25:05","guid":{"rendered":"http:\/\/www.somrefcelik.com\/?page_id=158"},"modified":"2017-07-09T09:28:10","modified_gmt":"2017-07-09T06:28:10","slug":"hizmetler","status":"publish","type":"page","link":"http:\/\/www.somrefcelik.com\/?page_id=158","title":{"rendered":"Hizmetler"},"content":{"rendered":"<ul>\n<li>Demir \u00e7elik sekt\u00f6r\u00fcnde ve di\u011fer a\u011f\u0131r sanayi kurulu\u015flar\u0131nda refrakter uygulamalar\u0131 ( pota,f\u0131r\u0131n,konverter,torpido,tav \u00e7ukuru,tundish )<\/li>\n<li>Boru montaj\u0131 ve demontaj\u0131<\/li>\n<li>\u00c7at\u0131 ve cephe kaplama<\/li>\n<li>Y\u00fczey temizleme<\/li>\n<li>Y\u00fckleme bo\u015faltma i\u015fleri<\/li>\n<li>Makine montaj\u0131 ve demontaj\u0131<\/li>\n<li>Teknik personel temini<\/li>\n<li>Kumlama boyama<\/li>\n<li>\u00c7elik imalat , montaj ve demontaj\u0131 \u00a0 \u00a0 \u00a0 \u00a0 \u00a0 \u00a0 \u00a0 \u00a0 \u00a0 \u00a0 \u00a0 \u00a0 \u00a0 \u00a0 \u00a0 \u00a0 \u00a0 \u00a0 <div id=\"metaslider-id-494\" style=\"width: 100%;\" class=\"ml-slider-3-91-0 metaslider metaslider-responsive metaslider-494 ml-slider ms-theme-default\" role=\"region\" aria-roledescription=\"Slideshow\" aria-label=\"hizmetler\">\n    <div id=\"metaslider_container_494\">\n        <ul id='metaslider_494' class='rslides'>\n            <li aria-roledescription='slide' aria-labelledby='slide-0'><img loading=\"lazy\" decoding=\"async\" src=\"http:\/\/www.somrefcelik.com\/wp-content\/uploads\/2017\/05\/22-min.jpg\" height=\"2000\" width=\"3000\" alt=\"\" class=\"slider-494 slide-518\" \/><\/li>\n            <li style='display: none;' aria-roledescription='slide' aria-labelledby='slide-1'><img loading=\"lazy\" decoding=\"async\" src=\"http:\/\/www.somrefcelik.com\/wp-content\/uploads\/2017\/05\/25-min.jpg\" height=\"2000\" width=\"3000\" alt=\"\" class=\"slider-494 slide-519\" \/><\/li>\n            <li style='display: none;' aria-roledescription='slide' aria-labelledby='slide-2'><img loading=\"lazy\" decoding=\"async\" src=\"http:\/\/www.somrefcelik.com\/wp-content\/uploads\/2017\/05\/23-min-3.jpg\" height=\"2000\" width=\"3000\" alt=\"\" class=\"slider-494 slide-523\" \/><\/li>\n            <li style='display: none;' aria-roledescription='slide' aria-labelledby='slide-3'><img loading=\"lazy\" decoding=\"async\" src=\"http:\/\/www.somrefcelik.com\/wp-content\/uploads\/2017\/05\/13-min.jpg\" height=\"2000\" width=\"3000\" alt=\"\" class=\"slider-494 slide-510\" \/><\/li>\n            <li style='display: none;' aria-roledescription='slide' aria-labelledby='slide-4'><img loading=\"lazy\" decoding=\"async\" src=\"http:\/\/www.somrefcelik.com\/wp-content\/uploads\/2017\/05\/11-min.jpg\" height=\"2000\" width=\"3000\" alt=\"\" class=\"slider-494 slide-508\" \/><\/li>\n            <li style='display: none;' aria-roledescription='slide' aria-labelledby='slide-5'><img loading=\"lazy\" decoding=\"async\" src=\"http:\/\/www.somrefcelik.com\/wp-content\/uploads\/2017\/05\/16-min.jpg\" height=\"2000\" width=\"3000\" alt=\"\" class=\"slider-494 slide-512\" \/><\/li>\n            <li style='display: none;' aria-roledescription='slide' aria-labelledby='slide-6'><img loading=\"lazy\" decoding=\"async\" src=\"http:\/\/www.somrefcelik.com\/wp-content\/uploads\/2017\/05\/26-min.jpg\" height=\"2000\" width=\"3000\" alt=\"\" class=\"slider-494 slide-520\" \/><\/li>\n            <li style='display: none;' aria-roledescription='slide' aria-labelledby='slide-7'><img loading=\"lazy\" decoding=\"async\" src=\"http:\/\/www.somrefcelik.com\/wp-content\/uploads\/2017\/05\/17-min.jpg\" height=\"2000\" width=\"3000\" alt=\"\" class=\"slider-494 slide-513\" \/><\/li>\n            <li style='display: none;' aria-roledescription='slide' aria-labelledby='slide-8'><img loading=\"lazy\" decoding=\"async\" src=\"http:\/\/www.somrefcelik.com\/wp-content\/uploads\/2017\/05\/21-min.jpg\" height=\"2000\" width=\"3000\" alt=\"\" class=\"slider-494 slide-517\" \/><\/li>\n            <li style='display: none;' aria-roledescription='slide' aria-labelledby='slide-9'><img loading=\"lazy\" decoding=\"async\" src=\"http:\/\/www.somrefcelik.com\/wp-content\/uploads\/2017\/05\/19-min.jpg\" height=\"2000\" width=\"3000\" alt=\"\" class=\"slider-494 slide-515\" \/><\/li>\n            <li style='display: none;' aria-roledescription='slide' aria-labelledby='slide-10'><img loading=\"lazy\" decoding=\"async\" src=\"http:\/\/www.somrefcelik.com\/wp-content\/uploads\/2017\/05\/18-min.jpg\" height=\"2000\" width=\"3000\" alt=\"\" class=\"slider-494 slide-514\" \/><\/li>\n            <li style='display: none;' aria-roledescription='slide' aria-labelledby='slide-11'><img loading=\"lazy\" decoding=\"async\" src=\"http:\/\/www.somrefcelik.com\/wp-content\/uploads\/2017\/05\/14-min.jpg\" height=\"2000\" width=\"3000\" alt=\"\" class=\"slider-494 slide-511\" \/><\/li>\n            <li style='display: none;' aria-roledescription='slide' aria-labelledby='slide-12'><img loading=\"lazy\" decoding=\"async\" src=\"http:\/\/www.somrefcelik.com\/wp-content\/uploads\/2017\/05\/6-min.jpg\" height=\"2000\" width=\"3000\" alt=\"\" class=\"slider-494 slide-548\" \/><\/li>\n            <li style='display: none;' aria-roledescription='slide' aria-labelledby='slide-13'><img loading=\"lazy\" decoding=\"async\" src=\"http:\/\/www.somrefcelik.com\/wp-content\/uploads\/2017\/05\/5-min.jpg\" height=\"2000\" width=\"3000\" alt=\"\" class=\"slider-494 slide-549\" \/><\/li>\n            <li style='display: none;' aria-roledescription='slide' aria-labelledby='slide-14'><img loading=\"lazy\" decoding=\"async\" src=\"http:\/\/www.somrefcelik.com\/wp-content\/uploads\/2017\/05\/4-min.jpg\" height=\"2000\" width=\"3000\" alt=\"\" class=\"slider-494 slide-550\" \/><\/li>\n            <li style='display: none;' aria-roledescription='slide' aria-labelledby='slide-15'><img loading=\"lazy\" decoding=\"async\" src=\"http:\/\/www.somrefcelik.com\/wp-content\/uploads\/2017\/05\/3-min.jpg\" height=\"2000\" width=\"3000\" alt=\"\" class=\"slider-494 slide-551\" \/><\/li>\n            <li style='display: none;' aria-roledescription='slide' aria-labelledby='slide-16'><img loading=\"lazy\" decoding=\"async\" src=\"http:\/\/www.somrefcelik.com\/wp-content\/uploads\/2017\/05\/7-min.jpg\" height=\"2000\" width=\"3000\" alt=\"\" class=\"slider-494 slide-552\" \/><\/li>\n            <li style='display: none;' aria-roledescription='slide' aria-labelledby='slide-17'><img loading=\"lazy\" decoding=\"async\" src=\"http:\/\/www.somrefcelik.com\/wp-content\/uploads\/2017\/05\/8-min.jpg\" height=\"2000\" width=\"3000\" alt=\"\" class=\"slider-494 slide-553\" \/><\/li>\n            <li style='display: none;' aria-roledescription='slide' aria-labelledby='slide-18'><img loading=\"lazy\" decoding=\"async\" src=\"http:\/\/www.somrefcelik.com\/wp-content\/uploads\/2017\/05\/1-min.jpg\" height=\"2000\" width=\"3000\" alt=\"\" class=\"slider-494 slide-554\" \/><\/li>\n            <li style='display: none;' aria-roledescription='slide' aria-labelledby='slide-19'><img loading=\"lazy\" decoding=\"async\" src=\"http:\/\/www.somrefcelik.com\/wp-content\/uploads\/2017\/05\/2-min.jpg\" height=\"2000\" width=\"3000\" alt=\"\" class=\"slider-494 slide-555\" \/><\/li>\n            <li style='display: none;' aria-roledescription='slide' aria-labelledby='slide-20'><img loading=\"lazy\" decoding=\"async\" src=\"http:\/\/www.somrefcelik.com\/wp-content\/uploads\/2017\/07\/28-1836x1224.jpg\" height=\"2000\" width=\"3000\" alt=\"\" class=\"slider-494 slide-577\" \/><\/li>\n        <\/ul>\n        \n    <\/div>\n<\/div><\/li>\n<\/ul>\n<p>&nbsp;<\/p>\n","protected":false},"excerpt":{"rendered":"<p>Demir \u00e7elik sekt\u00f6r\u00fcnde ve di\u011fer a\u011f\u0131r sanayi kurulu\u015flar\u0131nda refrakter uygulamalar\u0131 ( pota,f\u0131r\u0131n,konverter,torpido,tav \u00e7ukuru,tundish ) Boru montaj\u0131 ve demontaj\u0131 \u00c7at\u0131 ve&hellip;<\/p>\n","protected":false},"author":1,"featured_media":0,"parent":0,"menu_order":0,"comment_status":"closed","ping_status":"closed","template":"","meta":{"footnotes":""},"aioseo_notices":[],"_links":{"self":[{"href":"http:\/\/www.somrefcelik.com\/index.php?rest_route=\/wp\/v2\/pages\/158"}],"collection":[{"href":"http:\/\/www.somrefcelik.com\/index.php?rest_route=\/wp\/v2\/pages"}],"about":[{"href":"http:\/\/www.somrefcelik.com\/index.php?rest_route=\/wp\/v2\/types\/page"}],"author":[{"embeddable":true,"href":"http:\/\/www.somrefcelik.com\/index.php?rest_route=\/wp\/v2\/users\/1"}],"replies":[{"embeddable":true,"href":"http:\/\/www.somrefcelik.com\/index.php?rest_route=%2Fwp%2Fv2%2Fcomments&post=158"}],"version-history":[{"count":15,"href":"http:\/\/www.somrefcelik.com\/index.php?rest_route=\/wp\/v2\/pages\/158\/revisions"}],"predecessor-version":[{"id":570,"href":"http:\/\/www.somrefcelik.com\/index.php?rest_route=\/wp\/v2\/pages\/158\/revisions\/570"}],"wp:attachment":[{"href":"http:\/\/www.somrefcelik.com\/index.php?rest_route=%2Fwp%2Fv2%2Fmedia&parent=158"}],"curies":[{"name":"wp","href":"https:\/\/api.w.org\/{rel}","templated":true}]}}